{"id":23,"date":"2024-08-13T13:30:08","date_gmt":"2024-08-13T13:30:08","guid":{"rendered":"https:\/\/albiezgarten.ch\/?page_id=23"},"modified":"2024-12-05T20:06:15","modified_gmt":"2024-12-05T20:06:15","slug":"impressum-datenschutz","status":"publish","type":"page","link":"https:\/\/albiezgarten.ch\/?page_id=23","title":{"rendered":"Impressum &#038; Datenschutz"},"content":{"rendered":"<div  class='flex_column av-1urev-a103993a661017ab75cfff8c983fd0f1 av_one_fifth  avia-builder-el-0  el_before_av_three_fifth  avia-builder-el-first  first flex_column_div  '     ><\/div>\n<div  class='flex_column av-1m0zf-54e81051250be236189963f09d2caa5f av_three_fifth  avia-builder-el-1  el_after_av_one_fifth  el_before_av_one_fifth  flex_column_div  '     ><section  class='av_textblock_section av-m4bqeqz7-8864b71c0b6dbcdc32d229e93f5bcf4e '   itemscope=\"itemscope\" itemtype=\"https:\/\/schema.org\/CreativeWork\" ><div class='avia_textblock'  itemprop=\"text\" ><h1>Impressum &#038; Datzenschutzerkl\u00e4rung<\/h1>\n<p>Zuletzt aktualisiert am: 05.12.2024<\/p>\n<p><b>Verantwortliche Instanz:<\/b><br \/>\nAlbiez Gartenbau<br \/>\nF\u00f6hrenstrasse 15<br \/>\n8200 Schaffhausen<br \/>\nSchweiz<br \/>\n<strong>E-Mail<\/strong>: <a href=\"mailto:info@albiezgarten.ch\"><br \/>\ninfo@albiezgarten.ch<br \/>\n<\/a><\/p>\n<p><strong>Vertretungsberechtigte Personen<\/strong><br \/>\nSamuel Albiez<\/p>\n<p><strong>Name des Unternehmens<\/strong>: Albiez Gartenbau<br \/>\n<strong>Registrationsnummer<\/strong>: CHE-205.556.240<br \/>\n<strong>Umsatzsteuer-Identifikationsnummer<\/strong>: CHE-205.556.240 MWST<\/p>\n<p><strong>Haftungsausschluss<\/strong><br \/>\nDer Autor \u00fcbernimmt keine Gew\u00e4hr f\u00fcr die Richtigkeit, Genauigkeit, Aktualit\u00e4t, Zuverl\u00e4ssigkeit und Vollst\u00e4ndigkeit der Informationen.<br \/>\nHaftungsanspr\u00fcche gegen den Autor wegen Sch\u00e4den materieller oder immaterieller Art, die aus dem Zugriff oder der Nutzung bzw. Nichtnutzung der ver\u00f6ffentlichten Informationen, durch Missbrauch der Verbindung oder durch technische St\u00f6rungen entstanden sind, werden ausgeschlossen.<\/p>\n<p>Alle Angebote sind freibleibend. Der Autor beh\u00e4lt es sich ausdr\u00fccklich vor, Teile der Seiten oder das gesamte Angebot ohne gesonderte Ank\u00fcndigung zu ver\u00e4ndern, zu erg\u00e4nzen, zu l\u00f6schen oder die Ver\u00f6ffentlichung zeitweise oder endg\u00fcltig einzustellen.<\/p>\n<p><strong>Haftungsausschluss f\u00fcr Inhalte und Links<\/strong><br \/>\nVerweise und Links auf Webseiten Dritter liegen ausserhalb unseres Verantwortungsbereichs. Es wird jegliche Verantwortung f\u00fcr solche Webseiten abgelehnt. Der Zugriff und die Nutzung solcher Webseiten erfolgen auf eigene Gefahr des jeweiligen Nutzers.<\/p>\n<p><strong>Urheberrechtserkl\u00e4rung<\/strong><br \/>\nDie Urheber- und alle anderen Rechte an Inhalten, Bildern, Fotos oder anderen Dateien auf dieser Website, geh\u00f6ren ausschliesslich Albiez Gartenbau oder den speziell genannten Rechteinhabern. F\u00fcr die Reproduktion jeglicher Elemente ist die schriftliche Zustimmung des Urheberrechtstr\u00e4gers im Voraus einzuholen.<\/p>\n<p>Wir legen grossen Wert darauf, dass der Umgang mit Personendaten transparent ist. Diese Datenschutzerkl\u00e4rung gibt Auskunft dar\u00fcber, welche personenbezogenen Daten wir sammeln, zu welchem Zweck und an wen wir sie weitergeben. Um eine hohe Transparenz zu gew\u00e4hrleisten, wird diese Datenschutzerkl\u00e4rung regelm\u00e4ssig \u00fcberpr\u00fcft und aktualisiert.<\/p>\n<h2>1. Welche Dienste wir nutzen<\/h2>\n<ul>\n<li>Adobe Fonts<\/li>\n<li>Google Fonts API<\/li>\n<li>WordPress<\/li>\n<li>Akismet<\/li>\n<li>Google reCaptcha<\/li>\n<li>Google reCaptcha v2 f\u00fcr Contact Form 7<\/li>\n<\/ul>\n<h2>2. Kontaktinformationen<\/h2>\n<p>Bei Fragen oder Anliegen zum Schutz Ihrer Daten durch uns erreichen Sie uns jederzeit per E-Mail unter info@albiezgarten.ch. Verantwortlich f\u00fcr die Datenbearbeitungen, die \u00fcber diese Website erfolgen, ist:<\/p>\n<p>Albiez Gartenbau<br \/>\nF\u00f6hrenstrasse 15<br \/>\n8200 Schaffhausen<br \/>\nSchweiz<\/p>\n<p><strong>Datenschutzverantwortliche Person:<\/strong><br \/>\nSamuel Albiez<\/p>\n<h2>3. Allgemeine Grunds\u00e4tze<\/h2>\n<h3>3.1 Welche Daten sammeln wir von Ihnen und von wem erhalten wir diese Daten<\/h3>\n<p>In erster Linie bearbeiten wir Personendaten, die Sie uns \u00fcbermitteln oder die wir beim Betrieb unserer Website sammeln. Unter Umst\u00e4nden erhalten wir Personendaten \u00fcber Sie auch von Dritten. Das k\u00f6nnen folgende Kategorien sein:<\/p>\n<ul>\n<li>Personenstammdaten (Name, Adresse, Geburtsdaten, etc.);<\/li>\n<li>Kontaktdaten (Handynummer, E-Mailadresse, etc.);<\/li>\n<li>Finanzdaten (bspw. Kontoangaben);<\/li>\n<li>Onlinekennungen (bspw. Cookie-Kennung, IP-Adressen);<\/li>\n<li>Standort- und Verkehrsdaten;<\/li>\n<li>Ton- und Bildaufnahmen;<\/li>\n<li>besonders sch\u00fctzenswerte Daten (bspw. biometrische Daten oder Angaben \u00fcber Ihre Gesundheit).<\/li>\n<\/ul>\n<h3>3.2 Unter welchen Voraussetzungen bearbeiten wir Ihre Daten?<\/h3>\n<p>Wir behandeln Ihre Daten vertraulich und gem\u00e4ss den in dieser Datenschutzerkl\u00e4rung festgelegten Zwecken. Wir achten dabei auf eine transparente und verh\u00e4ltnism\u00e4ssige Bearbeitung.<\/p>\n<p>Falls wir ausnahmsweise nicht in der Lage sind, diese Grunds\u00e4tze zu befolgen, kann die Datenbearbeitung trotzdem rechtm\u00e4ssig sein, weil ein Rechtfertigungsgrund vorliegt. Als Rechtfertigungsgrund kommt namentlich in Frage:<\/p>\n<ul>\n<li>Ihre Einwilligung;<\/li>\n<li>die Durchf\u00fchrung eines Vertrages oder vorvertraglicher Massnahmen;<\/li>\n<li>unsere berechtigten Interessen, sofern Ihre Interessen nicht \u00fcberwiegen.<\/li>\n<\/ul>\n<h3>3.3 Wie k\u00f6nnen Sie Ihre Einwilligung widerrufen?<\/h3>\n<p>Haben Sie uns eine Einwilligung zur Bearbeitung Ihrer personenbezogenen Daten f\u00fcr bestimmte Zwecke erteilt, bearbeiten wir Ihre Daten im Rahmen dieser Einwilligung, soweit wir keinen anderen Rechtfertigungsgrund haben.<\/p>\n<p>Sie haben jederzeit die M\u00f6glichkeit, Ihre Einwilligung zu widerrufen indem Sie eine E-Mail an die im Impressum genannte Adresse schicken. Bereits erfolgte Datenverarbeitungen sind davon nicht betroffen.<\/p>\n<h3>3.4 In welchen F\u00e4llen k\u00f6nnen wir Ihre Daten an Dritte weitergeben?<\/h3>\n<h4>a. Grundsatz<\/h4>\n<p>Wir sind unter Umst\u00e4nden darauf angewiesen, die Dienste Dritter oder von verbundenen Unternehmen in Anspruch zu nehmen und diese mit der Verarbeitung Ihrer Daten zu beauftragen (sog. Auftragsverarbeiter). Kategorien der Empf\u00e4nger sind namentlich:<\/p>\n<ul>\n<li>Buchhaltung, Treuhand und Revisionsunternehmen;<\/li>\n<li>Beratungsunternehmen (Rechtsberatung, Steuern, etc.);<\/li>\n<li>IT-Dienstleister (Webhosting, Support, Clouddienste, Webseitengestaltung, etc.);<\/li>\n<li>Zahlungsdienstleister;<\/li>\n<li>Anbieter von Tracking-, Conversion- und Werbedienstleistungen.<\/li>\n<\/ul>\n<p>Wir stellen sicher, dass diese Dritten und unsere verbundenen Unternehmen die Voraussetzungen des Datenschutzes einhalten und Ihre personenbezogenen Daten vertraulich behandeln.<\/p>\n<p>Unter Umst\u00e4nden sind wir auch verpflichtet, Ihre personenbezogenen Daten an Beh\u00f6rden bekanntzugeben.<\/p>\n<h4>b. Besuch unserer Social-Media-Kan\u00e4le<\/h4>\n<p>Wir haben eventuell auf unserer Website Links zu unseren Social-Media-Kan\u00e4len eingebettet. Das ist f\u00fcr Sie jeweils ersichtlich (typischerweise \u00fcber entsprechende Symbole). Klicken Sie auf die Symbole, werden Sie auf unsere Social-Media-Kan\u00e4le weitergeleitet.<\/p>\n<p>Die Social Media Anbieter erfahren in diesem Fall, dass Sie von unserer Website auf deren Plattform zugreifen. Die Social Media Anbieter k\u00f6nnen die so erhobenen Daten f\u00fcr eigene Zwecke nutzen. Wir weisen darauf hin, dass wir keine Kenntnis vom Inhalt der \u00fcbermittelten Daten sowie deren Nutzung durch die Betreiber erhalten.<\/p>\n<h4>c. Weitergabe ins Ausland<\/h4>\n<p>Unter Umst\u00e4nden kann es im Rahmen der Auftragsbearbeitung zu \u00dcbermittlung Ihrer personenbezogenen Daten an Unternehmen im Ausland kommen. Diese Unternehmen sind im gleichen Umfang zum Datenschutz verpflichtet, wie wir selbst. Die \u00dcbermittlung kann weltweit stattfinden.<\/p>\n<p>Entspricht das Datenschutzniveau nicht demjenigen des der Schweiz, so nehmen wir eine vorg\u00e4ngige Risikoeinsch\u00e4tzung vor und stellen vertraglich sicher, dass der gleiche Schutz wie in der Schweiz garantiert wird (bspw. mittels der neuen Standardvertragsklauseln der EU-Kommission oder anderen, gesetzlich vorgegebenen Massnahmen). Sollte unsere Risikoeinsch\u00e4tzung negativ ausfallen, ergreifen wir zus\u00e4tzliche technische Massnahmen zum Schutz Ihrer Daten. Sie k\u00f6nnen die Standardvertragsklauseln der EU-Kommission abrufen unter folgendem Link. https:\/\/commission.europa.eu\/publications\/standard-contractual-clauses-controllers-and-processors-eueea_de<\/p>\n<h3>3.5 Wie lange bewahren wir Ihre Daten auf?<\/h3>\n<p>Wir speichern personenbezogene Daten nur so lange, wie dies erforderlich ist, um die einzelnen Zwecke, zu denen die Daten erhoben wurden, zu erf\u00fcllen.<\/p>\n<p>Daten, die wir bei Ihrem Besuch auf unserer Website speichern, werden w\u00e4hrend zw\u00f6lf Monaten aufbewahrt. Eine Ausnahme gilt f\u00fcr Analyse- und Trackingdaten, die l\u00e4nger aufbewahrt werden k\u00f6nnen.<\/p>\n<p>Vertragsdaten speichern wir l\u00e4nger, da wir dazu durch gesetzliche Vorschriften verpflichtet sind. Wir m\u00fcssen insbesondere gesch\u00e4ftliche Kommunikation, geschlossene Vertr\u00e4ge und Buchungsbelege bis zu 10 Jahren aufbewahren. Soweit wir solche Daten von Ihnen nicht mehr zur Durchf\u00fchrung der Dienstleistungen ben\u00f6tigen, werden die Daten gesperrt und wir verwenden sie nur noch f\u00fcr Zwecke der Rechnungslegung und f\u00fcr Steuerzwecke.<\/p>\n<h3>3.6 Wie sch\u00fctzen wir Ihre Daten?<\/h3>\n<p>Wir werden Ihre Daten sicher aufbewahren und alle angemessenen Massnahmen ergreifen, um Ihre Daten vor Verlust, Zugriff, Missbrauch oder \u00c4nderungen zu sch\u00fctzen.<\/p>\n<p>Unsere Vertragspartner und Mitarbeitende, die Zugang zu Ihren Daten haben, sind zur Einhaltung der datenschutzrechtlichen Bestimmungen verpflichtet. In manchen F\u00e4llen wird es erforderlich sein, dass wir Ihre Anfragen an mit uns verbundene Unternehmen weiterreichen. Auch in diesen F\u00e4llen werden Ihre Daten vertraulich behandelt.<\/p>\n<p>Innerhalb unserer Webseite verwenden wir das SSL-Verfahren (Secure Socket Layer) in Verbindung mit der jeweils h\u00f6chsten Verschl\u00fcsselungsstufe, die von Ihrem Browser unterst\u00fctzt wird.<\/p>\n<h3>3.7 Welche Rechte haben Sie?<\/h3>\n<h4>a. Auskunftsrecht<\/h4>\n<p>Sie k\u00f6nnen jederzeit eine Auskunft \u00fcber die von uns \u00fcber Sie gespeicherten Daten verlangen. Wir bitten Sie, Ihr Auskunftsgesuch zusammen mit einem Identit\u00e4tsnachweis an info@albiezgarten.ch zu senden.<\/p>\n<p>Sie haben ausserdem das Recht, Ihre Daten in einem g\u00e4ngigen Dateiformat zu erhalten, wenn wir Ihre Daten automatisiert bearbeiten, und wenn:<\/p>\n<ul>\n<li>Sie Ihre Einwilligung f\u00fcr die Bearbeitung dieser Daten erteilt haben; oder<\/li>\n<li>Sie Daten im Zusammenhang mit dem Abschluss oder der Abwicklung eines Vertrags bekannt gegeben haben.<\/li>\n<\/ul>\n<p>Wir k\u00f6nnen die Auskunft bzw. Datenherausgabe einschr\u00e4nken oder verweigern, wenn dies unseren gesetzlichen Verpflichtungen, berechtigten eigenen oder \u00f6ffentlichen Interessen oder Interessen einer Drittperson entgegensteht.<\/p>\n<p>Die Bearbeitung Ihres Gesuchs unterliegt der gesetzlichen Bearbeitungsfrist von 30 Tagen. Diese Frist d\u00fcrfen wir jedoch aufgrund von hohem Anfragevolumen, aus rechtlichen oder technischen Gr\u00fcnden oder weil wir n\u00e4here Angaben von Ihnen ben\u00f6tigen, verl\u00e4ngern. Sie werden \u00fcber die Fristverl\u00e4ngerung rechtzeitig mindestens in Textform informiert.<\/p>\n<h4>b. L\u00f6schung und Berichtigung<\/h4>\n<p>Sie haben jederzeit die M\u00f6glichkeit, die L\u00f6schung oder Berichtigung Ihrer Daten zu verlangen. Wir k\u00f6nnen das Gesuch abweisen, wenn gesetzliche Vorschriften uns zur l\u00e4ngeren bzw. unver\u00e4nderten Aufbewahrung verpflichten oder ein Erlaubnistatbestand Ihrem Gesuch entgegensteht.<\/p>\n<p>Bitte beachten Sie, dass die Aus\u00fcbung Ihrer Rechte unter Umst\u00e4nden im Konflikt mit vertraglichen Abmachungen stehen und entsprechende Auswirkungen auf die Vertragsdurchf\u00fchrung haben kann (z.B. vorzeitige Vertragsaufl\u00f6sung oder Kostenfolgen).<\/p>\n<h4>c. Rechtsweg<\/h4>\n<p>Sind Sie von der Bearbeitung personenbezogener Daten betroffen, haben Sie das Recht, Ihre Rechte gerichtlich durchzusetzen oder bei der zust\u00e4ndigen Aufsichtsbeh\u00f6rde eine Meldung einzureichen. Die zust\u00e4ndige Aufsichtsbeh\u00f6rde in der Schweiz ist der Eidgen\u00f6ssische Datenschutz- und \u00d6ffentlichkeitsbeauftragte: https:\/\/www.edoeb.admin.ch<\/p>\n<h3>3.8 \u00c4nderungen an der Datenschutzerkl\u00e4rung<\/h3>\n<p>Wir k\u00f6nnen diese Datenschutzerkl\u00e4rung jederzeit \u00e4ndern. Die \u00c4nderungen werden auf albiezgarten.ch ver\u00f6ffentlicht, Sie werden nicht gesondert dar\u00fcber informiert.<\/p>\n<h2>4. Einzelne Datenverarbeitungsvorg\u00e4nge<\/h2>\n<h3>4.1 Bereitstellen der Webseite und Erstellung von Logfiles<\/h3>\n<h4>Welche Informationen erhalten wir und wie nutzen wir sie?<\/h4>\n<p>Indem Sie albiezgarten.ch besuchen, werden auf unseren Servern oder auf Servern von Dienstleistungen und Produkten, die wir beziehen und \/ oder installiert haben, bestimmte Daten automatisch zu Zwecken der Systemadministration, f\u00fcr statistische oder f\u00fcr Sicherungszwecke oder f\u00fcr Trackingzwecke gespeichert. Es handelt sich dabei um:<\/p>\n<ul>\n<li>den Namen Ihres Internetserviceproviders;<\/li>\n<li>Ihre IP-Adresse (unter Umst\u00e4nden);<\/li>\n<li>die Version Ihrer Browser-Software;<\/li>\n<li>das Betriebssystem des Rechners mit dem auf die URL zugegriffen wird;<\/li>\n<li>das Datum und die Uhrzeit des Zugriffs;<\/li>\n<li>die Webseite, von der aus Sie URL besuchen;<\/li>\n<li>die Suchw\u00f6rter die Sie benutzt haben, um die URL finden.<\/li>\n<\/ul>\n<h4>Weshalb d\u00fcrfen wir diese Daten bearbeiten?<\/h4>\n<p>Diese Daten k\u00f6nnen keiner bestimmten Person zugeordnet werden und es findet keine Zusammenf\u00fchrung dieser Daten mit anderen Datenquellen statt. Die Speicherung der Logfiles erfolgt, um die Funktionsf\u00e4higkeit der Webseite zu garantieren und zur Sicherstellung der Sicherheit unserer informationstechnischen Systeme. Hierin besteht unser berechtigtes Interesse.<\/p>\n<h4>Wie k\u00f6nnen Sie die Datenerfassung verhindern?<\/h4>\n<p>Die Daten werden nur solange gespeichert, wie dies zur Erreichung des Zweckes Ihrer Erhebung notwendig ist. Dementsprechend werden die Daten nach Beendigung jeder Sitzung gel\u00f6scht. Die Speicherung der Logfiles ist f\u00fcr den Betrieb der Webseite zwingend notwendig, Sie haben daher keine M\u00f6glichkeit dagegen Widerspruch zu erheben.<\/p>\n<h3>4.2 Adobe Fonts<\/h3>\n<p>Adobe Fonts ist ein Service von Adobe Systems Incorporated, 345 Park Avenue, San Jose, CA 95110-2704, USA. Adobe Fonts ist ein Online-Dienst, der den Nutzern erm\u00f6glicht, hochwertige Schriftarten auf ihren Webseiten einzubinden.<\/p>\n<p>Wir verwenden Adobe Fonts, um bestimmte Schriftarten auf unserer Website zu integrieren. Dies erm\u00f6glicht uns, ein konsistentes und ansprechendes Design zu gew\u00e4hrleisten, das zur Verbesserung der Benutzererfahrung beitr\u00e4gt.<\/p>\n<p>Um die Schriftarten bereitzustellen, kann Adobe Fonts Cookies oder andere Tracking-Technologien verwenden, um Informationen wie die IP-Adresse des Besuchers, den Browsertyp und die Version sowie andere Informationen \u00fcber den Besuch der Website zu sammeln.<\/p>\n<h3>4.3 Google Fonts API<\/h3>\n<p>Auf unserer Website nutzen wir die Google Fonts API, einen Dienst der Google LLC (1600 Amphitheatre Parkway, Mountain View, CA 94043, USA; &#8222;Google&#8220;), um Schriftarten (Fonts) einzubinden. Durch die Einbindung dieser Schriftarten wird Ihr Browser beim Aufrufen unserer Website eine Verbindung zu den Servern von Google herstellen, um die Schriftarten herunterzuladen und korrekt anzuzeigen.<\/p>\n<p>Durch diese Verbindung k\u00f6nnen Daten, insbesondere Ihre IP-Adresse und Informationen \u00fcber den von Ihnen genutzten Browser, an Google \u00fcbermittelt und auf Servern von Google gespeichert werden. Diese Server k\u00f6nnen sich in den USA oder anderen L\u00e4ndern befinden.<\/p>\n<p>Wenn Sie die \u00dcbertragung von Daten im Rahmen der Google Fonts API verhindern m\u00f6chten, k\u00f6nnen Sie in Ihren Browsereinstellungen den Zugriff auf die Domain fonts.googleapis.com blockieren. Bitte beachten Sie, dass in diesem Fall unsere Website m\u00f6glicherweise nicht korrekt angezeigt wird.<\/p>\n<h3>4.4 WordPress<\/h3>\n<p>Unsere Website basiert auf der Plattform WordPress, einem Content-Management-System, das von der Automattic Inc., 60 29th Street #343, San Francisco, CA 94110, USA entwickelt wurde. WordPress erm\u00f6glicht es uns, Inhalte zu erstellen, zu verwalten und zu ver\u00f6ffentlichen.<\/p>\n<p>Bei der Nutzung unserer Website, die auf WordPress basiert, k\u00f6nnen verschiedene Daten, einschliesslich Ihrer IP-Adresse, Datum und Uhrzeit des Zugriffs, sowie Informationen \u00fcber den von Ihnen genutzten Browser, erfasst und gespeichert werden. Diese Daten werden haupts\u00e4chlich f\u00fcr administrative Zwecke und zur Sicherstellung eines st\u00f6rungsfreien Betriebs der Website verwendet.<\/p>\n<p>Einige WordPress-Funktionen, wie Kommentare oder Kontaktformulare, k\u00f6nnen zus\u00e4tzliche personenbezogene Daten erfassen, wenn Sie diese nutzen.<\/p>\n<h3>4.5 Akismet<\/h3>\n<p>Unsere Website verwendet Akismet, einen Service von Automattic Inc., 60 29th Street #343, San Francisco, CA 94110, USA. Akismet dient dem Schutz unserer Website vor unerw\u00fcnschten Spam-Kommentaren und -Beitr\u00e4gen. Hierzu \u00fcberpr\u00fcft der Dienst alle Kommentare und Beitr\u00e4ge, die auf unserer Website hinterlassen werden, auf m\u00f6glichen Spam-Inhalt.<\/p>\n<p>Wenn Sie einen Kommentar oder Beitrag auf unserer Website hinterlassen, werden die von Ihnen eingegebenen Daten sowie technische Informationen, wie Ihre IP-Adresse, an Akismet \u00fcbermittelt und dort analysiert. Akismet verwendet diese Daten, um festzustellen, ob der Kommentar oder Beitrag als Spam eingestuft wird.<\/p>\n<p>Automattic Inc. hat sich verpflichtet, die Datenschutzstandards der Europ\u00e4ischen Union einzuhalten.<\/p>\n<p>Weitere Informationen zum Umgang mit Nutzerdaten im Zusammenhang mit Akismet finden Sie in der Datenschutzerkl\u00e4rung von Automattic: https:\/\/automattic.com\/privacy\/. Wenn Sie nicht m\u00f6chten, dass Akismet Ihre Daten analysiert, sollten Sie keine Kommentare oder Beitr\u00e4ge auf unserer Website hinterlassen.<\/p>\n<h3>4.6 Google reCaptcha<\/h3>\n<p>Zum Schutz von ungew\u00fcnschten Anfragen \u00fcber das Internetformular auf unserer Website verwenden wir den Dienst reCAPTCHA des Unternehmens Google LLC (1600 Amphitheatre Parkway, Mountain View, CA 94043, USA; &#8222;Google&#8220;). Die Abfrage dient der Unterscheidung, ob die Eingabe durch einen Menschen oder missbr\u00e4uchlich durch automatisierte, maschinelle Verarbeitung erfolgt. Im Rahmen der Abfrage k\u00f6nnen Informationen, wie beispielsweise Ihre IP-Adresse oder das Verhalten beim Ausf\u00fcllen des Formulars, an Google \u00fcbermittelt werden.<\/p>\n<p>Zu diesem Zweck wird Ihre Eingabe an Google \u00fcbermittelt und dort weiterverarbeitet. Durch die Nutzung von reCAPTCHA erkl\u00e4ren Sie sich damit einverstanden, dass die von Ihnen geleistete Erkennung in die Digitalisierung alter Werke einfliesst. Im Falle der Aktivierung der IP-Anonymisierung auf dieser Webseite wird Ihre IP-Adresse von Google jedoch innerhalb von Mitgliedstaaten der Europ\u00e4ischen Union oder in anderen Vertragsstaaten des Abkommens \u00fcber den Europ\u00e4ischen Wirtschaftsraum zuvor gek\u00fcrzt.<\/p>\n<p>Nur in Ausnahmef\u00e4llen wird die volle IP-Adresse an einen Server von Google in den USA \u00fcbertragen und dort gek\u00fcrzt. Im Auftrag des Betreibers dieser Website wird Google diese Informationen benutzen, um Ihre Nutzung dieses Dienstes auszuwerten. Die im Rahmen von reCAPTCHA von Ihrem Browser \u00fcbermittelte IP-Adresse wird nicht mit anderen Daten von Google zusammengef\u00fchrt.<\/p>\n<h3>4.7 Google reCaptcha v2 f\u00fcr Contact Form 7<\/h3>\n<p>Zum Schutz Ihrer Anfragen \u00fcber das Internetformular auf unserer Website verwenden wir den Dienst reCAPTCHA v2 des Unternehmens Google LLC (1600 Amphitheatre Parkway, Mountain View, CA 94043, USA; &#8222;Google&#8220;). Die Abfrage dient der Unterscheidung, ob die Eingabe durch einen Menschen oder missbr\u00e4uchlich durch automatisierte, maschinelle Verarbeitung erfolgt. Die Abfrage schliesst den Versand Ihrer IP-Adresse und ggf. weiterer von Google f\u00fcr den Dienst reCAPTCHA ben\u00f6tigter Daten an Google ein.<\/p>\n<p>Zu diesem Zweck wird Ihre Eingabe an Google \u00fcbermittelt und dort weiterverwendet. Durch die Nutzung von reCAPTCHA erkl\u00e4ren Sie sich damit einverstanden, dass die von Ihnen geleistete Erkennung in die Digitalisierung alter Werke einfliesst. Im Falle der Aktivierung der IP-Anonymisierung auf dieser Webseite wird Ihre IP-Adresse von Google jedoch innerhalb von Mitgliedstaaten der Europ\u00e4ischen Union oder in anderen Vertragsstaaten des Abkommens \u00fcber den Europ\u00e4ischen Wirtschaftsraum zuvor gek\u00fcrzt.<\/p>\n<p>Nur in Ausnahmef\u00e4llen wird die volle IP-Adresse an einen Server von Google in den USA \u00fcbertragen und dort gek\u00fcrzt. Im Auftrag des Betreibers dieser Website wird Google diese Informationen benutzen, um Ihre Nutzung dieses Dienstes auszuwerten. Die im Rahmen von reCAPTCHA von Ihrem Browser \u00fcbermittelte IP-Adresse wird nicht mit anderen Daten von Google zusammengef\u00fchrt.<\/p>\n<h3>BrainBox Generatoren<\/h3>\n<p>BrainBox Generatoren ist ein Dienst der <a href=\"https:\/\/brainbox.swiss\/\" target=\"_blank\" rel=\"nofollow noopener\">BrainBox Solutions GmbH<\/a>, um alle datenschutzrelevanten Dienste auf einer Website zu erkennen und unter anderem damit bei der Erstellung der Datenschutzerkl\u00e4rung zu helfen. Dabei werden keine personenbezogenen Daten erfasst oder verarbeitet.<\/p>\n<\/div><\/section><\/div><div  class='flex_column av-10gwj-e0b03eb709d56d8967dd6225b1b65f08 av_one_fifth  avia-builder-el-3  el_after_av_three_fifth  avia-builder-el-last  flex_column_div  '     ><\/div><\/p>\n","protected":false},"excerpt":{"rendered":"","protected":false},"author":1,"featured_media":0,"parent":0,"menu_order":0,"comment_status":"closed","ping_status":"closed","template":"","meta":{"footnotes":""},"class_list":["post-23","page","type-page","status-publish","hentry"],"_links":{"self":[{"href":"https:\/\/albiezgarten.ch\/index.php?rest_route=\/wp\/v2\/pages\/23","targetHints":{"allow":["GET"]}}],"collection":[{"href":"https:\/\/albiezgarten.ch\/index.php?rest_route=\/wp\/v2\/pages"}],"about":[{"href":"https:\/\/albiezgarten.ch\/index.php?rest_route=\/wp\/v2\/types\/page"}],"author":[{"embeddable":true,"href":"https:\/\/albiezgarten.ch\/index.php?rest_route=\/wp\/v2\/users\/1"}],"replies":[{"embeddable":true,"href":"https:\/\/albiezgarten.ch\/index.php?rest_route=%2Fwp%2Fv2%2Fcomments&post=23"}],"version-history":[{"count":4,"href":"https:\/\/albiezgarten.ch\/index.php?rest_route=\/wp\/v2\/pages\/23\/revisions"}],"predecessor-version":[{"id":120,"href":"https:\/\/albiezgarten.ch\/index.php?rest_route=\/wp\/v2\/pages\/23\/revisions\/120"}],"wp:attachment":[{"href":"https:\/\/albiezgarten.ch\/index.php?rest_route=%2Fwp%2Fv2%2Fmedia&parent=23"}],"curies":[{"name":"wp","href":"https:\/\/api.w.org\/{rel}","templated":true}]}}